{"id":12,"date":"2022-05-04T16:25:11","date_gmt":"2022-05-04T16:25:11","guid":{"rendered":"https:\/\/demosites.royal-elementor-addons.com\/carwash-v1\/?page_id=12"},"modified":"2025-12-31T14:45:52","modified_gmt":"2025-12-31T14:45:52","slug":"hizmetlerimiz","status":"publish","type":"page","link":"https:\/\/motulserteller.com.tr\/index.php\/hizmetlerimiz\/","title":{"rendered":"Hizmetlerimiz"},"content":{"rendered":"\t\t<div data-elementor-type=\"wp-page\" data-elementor-id=\"12\" class=\"elementor elementor-12\">\n\t\t\t\t\t\t<section class=\"elementor-section elementor-top-section elementor-element elementor-element-b3305dc elementor-section-height-min-height elementor-section-boxed elementor-section-height-default elementor-section-items-middle wpr-particle-no wpr-jarallax-no wpr-parallax-no wpr-sticky-section-no\" data-id=\"b3305dc\" data-element_type=\"section\" data-settings=\"{&quot;background_background&quot;:&quot;classic&quot;}\">\n\t\t\t\t\t\t\t<div class=\"elementor-background-overlay\"><\/div>\n\t\t\t\t\t\t\t<div class=\"elementor-container elementor-column-gap-default\">\n\t\t\t\t\t<div class=\"elementor-column elementor-col-100 elementor-top-column elementor-element elementor-element-a729f7a\" data-id=\"a729f7a\" data-element_type=\"column\">\n\t\t\t<div class=\"elementor-widget-wrap elementor-element-populated\">\n\t\t\t\t\t\t<div class=\"elementor-element elementor-element-782bbad elementor-widget elementor-widget-heading\" data-id=\"782bbad\" data-element_type=\"widget\" data-widget_type=\"heading.default\">\n\t\t\t\t\t<h2 class=\"elementor-heading-title elementor-size-default\">Servis\nHizmetlerimiz<\/h2>\t\t\t\t<\/div>\n\t\t\t\t\t<\/div>\n\t\t<\/div>\n\t\t\t\t\t<\/div>\n\t\t<\/section>\n\t\t\t\t<section class=\"elementor-section elementor-top-section elementor-element elementor-element-ff282b2 elementor-section-boxed elementor-section-height-default elementor-section-height-default wpr-particle-no wpr-jarallax-no wpr-parallax-no wpr-sticky-section-no\" data-id=\"ff282b2\" data-element_type=\"section\">\n\t\t\t\t\t\t<div class=\"elementor-container elementor-column-gap-default\">\n\t\t\t\t\t<div class=\"elementor-column elementor-col-100 elementor-top-column elementor-element elementor-element-9f587d8\" data-id=\"9f587d8\" data-element_type=\"column\">\n\t\t\t<div class=\"elementor-widget-wrap elementor-element-populated\">\n\t\t\t\t\t\t<div class=\"elementor-element elementor-element-2e471c9 elementor-widget elementor-widget-heading\" data-id=\"2e471c9\" data-element_type=\"widget\" data-widget_type=\"heading.default\">\n\t\t\t\t\t<h2 class=\"elementor-heading-title elementor-size-default\">Servis ve Hizmetlerimiz<\/h2>\t\t\t\t<\/div>\n\t\t\t\t<div class=\"elementor-element elementor-element-049f916 elementor-widget elementor-widget-heading\" data-id=\"049f916\" data-element_type=\"widget\" data-widget_type=\"heading.default\">\n\t\t\t\t\t<h2 class=\"elementor-heading-title elementor-size-default\">Motul Serteller Oto Bak\u0131m Servisi<\/h2>\t\t\t\t<\/div>\n\t\t\t\t<div class=\"elementor-element elementor-element-291c86f elementor-widget elementor-widget-text-editor\" data-id=\"291c86f\" data-element_type=\"widget\" data-widget_type=\"text-editor.default\">\n\t\t\t\t\t\t\t\t\t<p style=\"text-align: center;\">Motul Serteller Oto Bak\u0131m Servisi<\/p><p style=\"text-align: center;\">Motul Serteller Oto Bak\u0131m Servisi olarak, binek ve hafif ticari ara\u00e7lar i\u00e7in <strong data-start=\"419\" data-end=\"478\">kapsaml\u0131 oto bak\u0131m, onar\u0131m ve mekanik servis hizmetleri<\/strong> sunmaktay\u0131z. Ara\u00e7 performans\u0131n\u0131 art\u0131ran, g\u00fcvenli s\u00fcr\u00fc\u015f sa\u011flayan ve uzun \u00f6m\u00fcrl\u00fc kullan\u0131m hedefleyen hizmet anlay\u0131\u015f\u0131m\u0131zla, her araca \u00f6zel profesyonel \u00e7\u00f6z\u00fcmler \u00fcretiyoruz.<\/p><p style=\"text-align: center;\">Kulland\u0131\u011f\u0131m\u0131z <strong data-start=\"663\" data-end=\"704\">Motul motor ya\u011flar\u0131 ve bak\u0131m \u00fcr\u00fcnleri<\/strong>, modern ekipmanlar\u0131m\u0131z ve uzman teknik ekibimiz sayesinde arac\u0131n\u0131z emin ellerde.<\/p><hr data-start=\"787\" data-end=\"790\" \/><p style=\"text-align: center;\"><strong data-start=\"795\" data-end=\"827\">Motor Ya\u011f\u0131 &amp; Filtre De\u011fi\u015fimi<\/strong><\/p><p style=\"text-align: center;\">Motor sa\u011fl\u0131\u011f\u0131, arac\u0131n uzun \u00f6m\u00fcrl\u00fc olmas\u0131 i\u00e7in kritik \u00f6neme sahiptir. Motul Serteller\u2019de, arac\u0131n\u0131za uygun <strong data-start=\"934\" data-end=\"954\">Motul motor ya\u011f\u0131<\/strong> ve kaliteli filtreler kullan\u0131larak ya\u011f de\u011fi\u015fimi i\u015flemleri titizlikle ger\u00e7ekle\u015ftirilir.<\/p><p style=\"text-align: center;\"><strong data-start=\"1043\" data-end=\"1068\">Bu hizmet kapsam\u0131nda:<\/strong><\/p><p style=\"text-align: center;\" data-start=\"1071\" data-end=\"1092\">Motor ya\u011f\u0131 de\u011fi\u015fimi<\/p><p style=\"text-align: center;\" data-start=\"1095\" data-end=\"1118\">Ya\u011f filtresi de\u011fi\u015fimi<\/p><p style=\"text-align: center;\" data-start=\"1121\" data-end=\"1155\">Hava filtresi kontrol &amp; de\u011fi\u015fimi<\/p><p style=\"text-align: center;\" data-start=\"1158\" data-end=\"1193\">Polen filtresi kontrol &amp; de\u011fi\u015fimi<\/p><p style=\"text-align: center;\" data-start=\"1196\" data-end=\"1228\">Ya\u011f seviyesi ve ka\u00e7ak kontrol\u00fc<\/p><p style=\"text-align: center;\">\u27a1\ufe0f Do\u011fru ya\u011f, g\u00fc\u00e7l\u00fc motor, d\u00fc\u015f\u00fck yak\u0131t t\u00fcketimi.<\/p><hr data-start=\"1280\" data-end=\"1283\" \/><p style=\"text-align: center;\"><strong data-start=\"1288\" data-end=\"1313\">Periyodik Ara\u00e7 Bak\u0131m\u0131<\/strong><\/p><p style=\"text-align: center;\">Periyodik bak\u0131m, arac\u0131n g\u00fcvenli ve sorunsuz \u00e7al\u0131\u015fmas\u0131 i\u00e7in d\u00fczenli olarak yap\u0131lmas\u0131 gereken i\u015flemleri kapsar. Ara\u00e7 marka ve modeline g\u00f6re \u00fcretici standartlar\u0131na uygun bak\u0131m hizmeti sunuyoruz.<\/p><p style=\"text-align: center;\"><strong data-start=\"1508\" data-end=\"1547\">Periyodik bak\u0131mda yap\u0131lan i\u015flemler:<\/strong><\/p><p style=\"text-align: center;\" data-start=\"1550\" data-end=\"1577\">Motor ve s\u0131v\u0131 kontrolleri<\/p><p style=\"text-align: center;\" data-start=\"1580\" data-end=\"1600\">Filtre de\u011fi\u015fimleri<\/p><p style=\"text-align: center;\" data-start=\"1603\" data-end=\"1626\">Fren sistemi kontrol\u00fc<\/p><p style=\"text-align: center;\" data-start=\"1629\" data-end=\"1668\">S\u00fcspansiyon ve y\u00fcr\u00fcyen aksam kontrol\u00fc<\/p><p style=\"text-align: center;\" data-start=\"1671\" data-end=\"1705\">Elektrik &amp; elektronik kontroller<\/p><p style=\"text-align: center;\" data-start=\"1708\" data-end=\"1738\">Genel ara\u00e7 g\u00fcvenlik kontrol\u00fc<\/p><hr data-start=\"1740\" data-end=\"1743\" \/><p style=\"text-align: center;\"><strong data-start=\"1748\" data-end=\"1785\">Fren Sistemleri Bak\u0131m\u0131 ve Onar\u0131m\u0131<\/strong><\/p><p style=\"text-align: center;\">Fren sistemi, s\u00fcr\u00fc\u015f g\u00fcvenli\u011finin en \u00f6nemli par\u00e7as\u0131d\u0131r. Motul Serteller\u2019de fren sistemi detayl\u0131 \u015fekilde kontrol edilir ve gerekli bak\u0131m i\u015flemleri profesyonelce uygulan\u0131r.<\/p><p style=\"text-align: center;\"><strong data-start=\"1958\" data-end=\"1981\">Fren hizmetlerimiz:<\/strong><\/p><p style=\"text-align: center;\" data-start=\"1984\" data-end=\"2001\">Balata de\u011fi\u015fimi<\/p><p style=\"text-align: center;\" data-start=\"2004\" data-end=\"2030\">Disk kontrol ve de\u011fi\u015fimi<\/p><p style=\"text-align: center;\" data-start=\"2033\" data-end=\"2069\">Fren hidroli\u011fi kontrol\u00fc &amp; de\u011fi\u015fimi<\/p><p style=\"text-align: center;\" data-start=\"2072\" data-end=\"2094\">ABS sistemi kontrol\u00fc<\/p><p style=\"text-align: center;\">\u27a1\ufe0f G\u00fcvenli duru\u015f, g\u00fcvenli s\u00fcr\u00fc\u015f.<\/p><hr data-start=\"2130\" data-end=\"2133\" \/><p style=\"text-align: center;\"><strong data-start=\"2138\" data-end=\"2165\">Ak\u00fc Kontrol\u00fc &amp; De\u011fi\u015fimi<\/strong><\/p><p style=\"text-align: center;\">Arac\u0131n\u0131z\u0131n ilk \u00e7al\u0131\u015fmas\u0131ndan elektronik sistemlerine kadar bir\u00e7ok alan ak\u00fcye ba\u011fl\u0131d\u0131r. Ak\u00fc performans testleri yap\u0131larak gerekti\u011finde de\u011fi\u015fim i\u015flemleri ger\u00e7ekle\u015ftirilir.<\/p><p style=\"text-align: center;\" data-start=\"2340\" data-end=\"2372\">Ak\u00fc voltaj ve performans testi<\/p><p style=\"text-align: center;\" data-start=\"2375\" data-end=\"2398\">\u015earj sistemi kontrol\u00fc<\/p><p style=\"text-align: center;\" data-start=\"2401\" data-end=\"2415\">Ak\u00fc de\u011fi\u015fimi<\/p><hr data-start=\"2417\" data-end=\"2420\" \/><p style=\"text-align: center;\"><strong data-start=\"2425\" data-end=\"2458\">Motor Mekanik Bak\u0131m ve Onar\u0131m<\/strong><\/p><p style=\"text-align: center;\">Motorla ilgili olu\u015fabilecek mekanik sorunlar, profesyonel m\u00fcdahale gerektirir. Uzman ekibimizle motor performans\u0131n\u0131 d\u00fc\u015f\u00fcren sorunlar\u0131 tespit ediyor ve kal\u0131c\u0131 \u00e7\u00f6z\u00fcmler sunuyoruz.<\/p><p style=\"text-align: center;\"><strong data-start=\"2639\" data-end=\"2668\">Motor mekanik hizmetleri:<\/strong><\/p><p style=\"text-align: center;\" data-start=\"2671\" data-end=\"2692\">Motor ar\u0131za tespiti<\/p><p style=\"text-align: center;\" data-start=\"2695\" data-end=\"2718\">Ya\u011f ka\u00e7aklar\u0131 onar\u0131m\u0131<\/p><p style=\"text-align: center;\" data-start=\"2721\" data-end=\"2755\">Triger kay\u0131\u015f\u0131 kontrol &amp; de\u011fi\u015fimi<\/p><p style=\"text-align: center;\" data-start=\"2758\" data-end=\"2787\">Kay\u0131\u015f ve kasnak kontrolleri<\/p><p style=\"text-align: center;\" data-start=\"2790\" data-end=\"2830\">Motor performans iyile\u015ftirme i\u015flemleri<\/p><hr data-start=\"2832\" data-end=\"2835\" \/><p style=\"text-align: center;\"><strong data-start=\"2840\" data-end=\"2882\">\u015eanz\u0131man ve Aktarma Organlar\u0131 Kontrol\u00fc<\/strong><\/p><p style=\"text-align: center;\">Ara\u00e7ta g\u00fc\u00e7 aktar\u0131m\u0131n\u0131 sa\u011flayan sistemlerin sa\u011fl\u0131kl\u0131 \u00e7al\u0131\u015fmas\u0131 s\u00fcr\u00fc\u015f konforu a\u00e7\u0131s\u0131ndan b\u00fcy\u00fck \u00f6nem ta\u015f\u0131r.<\/p><p style=\"text-align: center;\" data-start=\"2991\" data-end=\"3014\">\u015eanz\u0131man ya\u011f kontrol\u00fc<\/p><p style=\"text-align: center;\" data-start=\"3017\" data-end=\"3057\">Manuel &amp; otomatik \u015fanz\u0131man kontrolleri<\/p><p style=\"text-align: center;\" data-start=\"3060\" data-end=\"3087\">Debriyaj sistemi kontrol\u00fc<\/p><hr data-start=\"3089\" data-end=\"3092\" \/><p style=\"text-align: center;\"><strong data-start=\"3097\" data-end=\"3137\">S\u00fcspansiyon &amp; Y\u00fcr\u00fcyen Aksam Kontrol\u00fc<\/strong><\/p><p style=\"text-align: center;\">S\u00fcr\u00fc\u015f konforu ve yol tutu\u015f, s\u00fcspansiyon sistemi ile do\u011frudan ili\u015fkilidir. Motul Serteller\u2019de t\u00fcm y\u00fcr\u00fcyen aksam detayl\u0131 olarak kontrol edilir.<\/p><p style=\"text-align: center;\" data-start=\"3284\" data-end=\"3304\">Amortis\u00f6r kontrol\u00fc<\/p><p style=\"text-align: center;\" data-start=\"3307\" data-end=\"3332\">Rot \u2013 balans \u00f6n kontrol<\/p><p style=\"text-align: center;\" data-start=\"3335\" data-end=\"3383\">Sal\u0131ncak, bur\u00e7 ve ba\u011flant\u0131 elemanlar\u0131 kontrol\u00fc<\/p><hr data-start=\"3385\" data-end=\"3388\" \/><p style=\"text-align: center;\"><strong data-start=\"3393\" data-end=\"3424\">Ara\u00e7 Alt ve \u00dcst Kontrolleri<\/strong><\/p><p style=\"text-align: center;\">Arac\u0131n genel durumu, detayl\u0131 kontrollerle ortaya \u00e7\u0131kar\u0131l\u0131r. Olas\u0131 ar\u0131zalar \u00f6nceden tespit edilerek b\u00fcy\u00fck maliyetlerin \u00f6n\u00fcne ge\u00e7ilir.<\/p><p style=\"text-align: center;\" data-start=\"3562\" data-end=\"3581\">Ara\u00e7 alt\u0131 kontrol<\/p><p style=\"text-align: center;\" data-start=\"3584\" data-end=\"3608\">S\u0131v\u0131 ka\u00e7aklar\u0131 tespiti<\/p><p style=\"text-align: center;\" data-start=\"3611\" data-end=\"3637\">Genel mekanik kontroller<\/p><hr data-start=\"3639\" data-end=\"3642\" \/><p style=\"text-align: center;\"><strong data-start=\"3647\" data-end=\"3691\">Elektrik &amp; Elektronik Sistem Kontrolleri<\/strong><\/p><p style=\"text-align: center;\">Modern ara\u00e7larda elektronik sistemlerin d\u00fczg\u00fcn \u00e7al\u0131\u015fmas\u0131 b\u00fcy\u00fck \u00f6nem ta\u015f\u0131r.<\/p><p style=\"text-align: center;\" data-start=\"3771\" data-end=\"3804\">Ak\u00fc ve \u015farj sistemi kontrolleri<\/p><p style=\"text-align: center;\" data-start=\"3807\" data-end=\"3839\">Ayd\u0131nlatma sistemi kontrolleri<\/p><p style=\"text-align: center;\" data-start=\"3842\" data-end=\"3882\">Sens\u00f6r ve uyar\u0131 sistemleri kontrolleri<\/p><hr data-start=\"3884\" data-end=\"3887\" \/><p style=\"text-align: center;\"><strong data-start=\"3892\" data-end=\"3936\">Neden Motul Serteller Oto Bak\u0131m Servisi?<\/strong><\/p><p style=\"text-align: center;\">\u2714\ufe0f Motul Kalitesi<br data-start=\"3955\" data-end=\"3958\" \/>\u2714\ufe0f Uzman Teknik Kadro<br data-start=\"3979\" data-end=\"3982\" \/>\u2714\ufe0f Modern Servis Ekipmanlar\u0131<br data-start=\"4010\" data-end=\"4013\" \/>\u2714\ufe0f \u015eeffaf ve G\u00fcvenilir Hizmet<br data-start=\"4042\" data-end=\"4045\" \/>\u2714\ufe0f M\u00fc\u015fteri Memnuniyeti Odakl\u0131 \u00c7al\u0131\u015fma<\/p><hr data-start=\"4086\" data-end=\"4089\" \/><p style=\"text-align: center;\"><strong data-start=\"4094\" data-end=\"4128\">Kaliteli Hizmet, G\u00fcvenli S\u00fcr\u00fc\u015f<\/strong><\/p><p style=\"text-align: center;\">Motul Serteller Oto Bak\u0131m Servisi olarak amac\u0131m\u0131z; arac\u0131n\u0131z\u0131 en iyi \u015fekilde korumak, performans\u0131n\u0131 art\u0131rmak ve g\u00fcvenli s\u00fcr\u00fc\u015f deneyimi sunmakt\u0131r. Yap\u0131lan t\u00fcm i\u015flemler, kalite standartlar\u0131na uygun \u015fekilde ger\u00e7ekle\u015ftirilir.<\/p><hr data-start=\"4352\" data-end=\"4355\" \/><p style=\"text-align: center;\">\ud83d\udcde <strong data-start=\"4364\" data-end=\"4389\">Randevu ve Bilgi \u0130\u00e7in<\/strong><\/p><p style=\"text-align: center;\">Arac\u0131n\u0131z\u0131n bak\u0131m ve onar\u0131m ihtiya\u00e7lar\u0131 i\u00e7in bizimle ileti\u015fime ge\u00e7in.<br data-start=\"4458\" data-end=\"4461\" \/>Profesyonel oto bak\u0131m hizmeti i\u00e7in do\u011fru adrestesiniz.<\/p>\t\t\t\t\t\t\t\t<\/div>\n\t\t\t\t<div class=\"elementor-element elementor-element-5d5edee elementor-widget-divider--view-line elementor-widget elementor-widget-divider\" data-id=\"5d5edee\" data-element_type=\"widget\" data-widget_type=\"divider.default\">\n\t\t\t\t\t\t\t<div class=\"elementor-divider\">\n\t\t\t<span class=\"elementor-divider-separator\">\n\t\t\t\t\t\t<\/span>\n\t\t<\/div>\n\t\t\t\t\t\t<\/div>\n\t\t\t\t\t<\/div>\n\t\t<\/div>\n\t\t\t\t\t<\/div>\n\t\t<\/section>\n\t\t\t\t<\/div>\n\t\t","protected":false},"excerpt":{"rendered":"<p>Servis Hizmetlerimiz Servis ve Hizmetlerimiz Motul Serteller Oto Bak\u0131m Servisi Motul Serteller Oto Bak\u0131m Servisi Motul Serteller Oto Bak\u0131m Servisi olarak, binek ve hafif ticari ara\u00e7lar i\u00e7in kapsaml\u0131 oto bak\u0131m, onar\u0131m ve mekanik servis hizmetleri sunmaktay\u0131z. Ara\u00e7 performans\u0131n\u0131 art\u0131ran, g\u00fcvenli s\u00fcr\u00fc\u015f sa\u011flayan ve uzun \u00f6m\u00fcrl\u00fc kullan\u0131m hedefleyen hizmet anlay\u0131\u015f\u0131m\u0131zla, her araca \u00f6zel profesyonel \u00e7\u00f6z\u00fcmler \u00fcretiyoruz. Kulland\u0131\u011f\u0131m\u0131z Motul motor ya\u011flar\u0131 ve bak\u0131m \u00fcr\u00fcnleri, modern ekipmanlar\u0131m\u0131z ve uzman teknik ekibimiz sayesinde arac\u0131n\u0131z emin ellerde. Motor Ya\u011f\u0131 &amp; Filtre De\u011fi\u015fimi Motor sa\u011fl\u0131\u011f\u0131, arac\u0131n uzun \u00f6m\u00fcrl\u00fc olmas\u0131 i\u00e7in kritik \u00f6neme sahiptir. Motul Serteller\u2019de, arac\u0131n\u0131za uygun Motul motor ya\u011f\u0131 ve kaliteli filtreler kullan\u0131larak ya\u011f de\u011fi\u015fimi i\u015flemleri titizlikle ger\u00e7ekle\u015ftirilir. Bu hizmet kapsam\u0131nda: Motor ya\u011f\u0131 de\u011fi\u015fimi Ya\u011f filtresi de\u011fi\u015fimi Hava filtresi kontrol &amp; de\u011fi\u015fimi Polen filtresi kontrol &amp; de\u011fi\u015fimi Ya\u011f seviyesi ve ka\u00e7ak kontrol\u00fc \u27a1\ufe0f Do\u011fru ya\u011f, g\u00fc\u00e7l\u00fc motor, d\u00fc\u015f\u00fck yak\u0131t t\u00fcketimi. Periyodik Ara\u00e7 Bak\u0131m\u0131 Periyodik bak\u0131m, arac\u0131n g\u00fcvenli ve sorunsuz \u00e7al\u0131\u015fmas\u0131 i\u00e7in d\u00fczenli olarak yap\u0131lmas\u0131 gereken i\u015flemleri kapsar. Ara\u00e7 marka ve modeline g\u00f6re \u00fcretici standartlar\u0131na uygun bak\u0131m hizmeti sunuyoruz. Periyodik bak\u0131mda yap\u0131lan i\u015flemler: Motor ve s\u0131v\u0131 kontrolleri Filtre de\u011fi\u015fimleri Fren sistemi kontrol\u00fc S\u00fcspansiyon ve y\u00fcr\u00fcyen aksam kontrol\u00fc Elektrik &amp; elektronik kontroller Genel ara\u00e7 g\u00fcvenlik kontrol\u00fc Fren Sistemleri Bak\u0131m\u0131 ve Onar\u0131m\u0131 Fren sistemi, s\u00fcr\u00fc\u015f g\u00fcvenli\u011finin en \u00f6nemli par\u00e7as\u0131d\u0131r. Motul Serteller\u2019de fren sistemi detayl\u0131 \u015fekilde kontrol edilir ve gerekli bak\u0131m i\u015flemleri profesyonelce uygulan\u0131r. Fren hizmetlerimiz: Balata de\u011fi\u015fimi Disk kontrol ve de\u011fi\u015fimi Fren hidroli\u011fi kontrol\u00fc &amp; de\u011fi\u015fimi ABS sistemi kontrol\u00fc \u27a1\ufe0f G\u00fcvenli duru\u015f, g\u00fcvenli s\u00fcr\u00fc\u015f. Ak\u00fc Kontrol\u00fc &amp; De\u011fi\u015fimi Arac\u0131n\u0131z\u0131n ilk \u00e7al\u0131\u015fmas\u0131ndan elektronik sistemlerine kadar bir\u00e7ok alan ak\u00fcye ba\u011fl\u0131d\u0131r. Ak\u00fc performans testleri yap\u0131larak gerekti\u011finde de\u011fi\u015fim i\u015flemleri ger\u00e7ekle\u015ftirilir. Ak\u00fc voltaj ve performans testi \u015earj sistemi kontrol\u00fc Ak\u00fc de\u011fi\u015fimi Motor Mekanik Bak\u0131m ve Onar\u0131m Motorla ilgili olu\u015fabilecek mekanik sorunlar, profesyonel m\u00fcdahale gerektirir. Uzman ekibimizle motor performans\u0131n\u0131 d\u00fc\u015f\u00fcren sorunlar\u0131 tespit ediyor ve kal\u0131c\u0131 \u00e7\u00f6z\u00fcmler sunuyoruz. Motor mekanik hizmetleri: Motor ar\u0131za tespiti Ya\u011f ka\u00e7aklar\u0131 onar\u0131m\u0131 Triger kay\u0131\u015f\u0131 kontrol &amp; de\u011fi\u015fimi Kay\u0131\u015f ve kasnak kontrolleri Motor performans iyile\u015ftirme i\u015flemleri \u015eanz\u0131man ve Aktarma Organlar\u0131 Kontrol\u00fc Ara\u00e7ta g\u00fc\u00e7 aktar\u0131m\u0131n\u0131 sa\u011flayan sistemlerin sa\u011fl\u0131kl\u0131 \u00e7al\u0131\u015fmas\u0131 s\u00fcr\u00fc\u015f konforu a\u00e7\u0131s\u0131ndan b\u00fcy\u00fck \u00f6nem ta\u015f\u0131r. \u015eanz\u0131man ya\u011f kontrol\u00fc Manuel &amp; otomatik \u015fanz\u0131man kontrolleri Debriyaj sistemi kontrol\u00fc S\u00fcspansiyon &amp; Y\u00fcr\u00fcyen Aksam Kontrol\u00fc S\u00fcr\u00fc\u015f konforu ve yol tutu\u015f, s\u00fcspansiyon sistemi ile do\u011frudan ili\u015fkilidir. Motul Serteller\u2019de t\u00fcm y\u00fcr\u00fcyen aksam detayl\u0131 olarak kontrol edilir. Amortis\u00f6r kontrol\u00fc Rot \u2013 balans \u00f6n kontrol Sal\u0131ncak, bur\u00e7 ve ba\u011flant\u0131 elemanlar\u0131 kontrol\u00fc Ara\u00e7 Alt ve \u00dcst Kontrolleri Arac\u0131n genel durumu, detayl\u0131 kontrollerle ortaya \u00e7\u0131kar\u0131l\u0131r. Olas\u0131 ar\u0131zalar \u00f6nceden tespit edilerek b\u00fcy\u00fck maliyetlerin \u00f6n\u00fcne ge\u00e7ilir. Ara\u00e7 alt\u0131 kontrol S\u0131v\u0131 ka\u00e7aklar\u0131 tespiti Genel mekanik kontroller Elektrik &amp; Elektronik Sistem Kontrolleri Modern ara\u00e7larda elektronik sistemlerin d\u00fczg\u00fcn \u00e7al\u0131\u015fmas\u0131 b\u00fcy\u00fck \u00f6nem ta\u015f\u0131r. Ak\u00fc ve \u015farj sistemi kontrolleri Ayd\u0131nlatma sistemi kontrolleri Sens\u00f6r ve uyar\u0131 sistemleri kontrolleri Neden Motul Serteller Oto Bak\u0131m Servisi? \u2714\ufe0f Motul Kalitesi\u2714\ufe0f Uzman Teknik Kadro\u2714\ufe0f Modern Servis Ekipmanlar\u0131\u2714\ufe0f \u015eeffaf ve G\u00fcvenilir Hizmet\u2714\ufe0f M\u00fc\u015fteri Memnuniyeti Odakl\u0131 \u00c7al\u0131\u015fma Kaliteli Hizmet, G\u00fcvenli S\u00fcr\u00fc\u015f Motul Serteller Oto Bak\u0131m Servisi olarak amac\u0131m\u0131z; arac\u0131n\u0131z\u0131 en iyi \u015fekilde korumak, performans\u0131n\u0131 art\u0131rmak ve g\u00fcvenli s\u00fcr\u00fc\u015f deneyimi sunmakt\u0131r. Yap\u0131lan t\u00fcm i\u015flemler, kalite standartlar\u0131na uygun \u015fekilde ger\u00e7ekle\u015ftirilir. \ud83d\udcde Randevu ve Bilgi \u0130\u00e7in Arac\u0131n\u0131z\u0131n bak\u0131m ve onar\u0131m ihtiya\u00e7lar\u0131 i\u00e7in bizimle ileti\u015fime ge\u00e7in.Profesyonel oto bak\u0131m hizmeti i\u00e7in do\u011fru adrestesiniz.<\/p>\n","protected":false},"author":1,"featured_media":647,"parent":0,"menu_order":0,"comment_status":"closed","ping_status":"closed","template":"elementor_canvas","meta":{"footnotes":""},"class_list":["post-12","page","type-page","status-publish","has-post-thumbnail","hentry"],"_links":{"self":[{"href":"https:\/\/motulserteller.com.tr\/index.php\/wp-json\/wp\/v2\/pages\/12","targetHints":{"allow":["GET"]}}],"collection":[{"href":"https:\/\/motulserteller.com.tr\/index.php\/wp-json\/wp\/v2\/pages"}],"about":[{"href":"https:\/\/motulserteller.com.tr\/index.php\/wp-json\/wp\/v2\/types\/page"}],"author":[{"embeddable":true,"href":"https:\/\/motulserteller.com.tr\/index.php\/wp-json\/wp\/v2\/users\/1"}],"replies":[{"embeddable":true,"href":"https:\/\/motulserteller.com.tr\/index.php\/wp-json\/wp\/v2\/comments?post=12"}],"version-history":[{"count":6,"href":"https:\/\/motulserteller.com.tr\/index.php\/wp-json\/wp\/v2\/pages\/12\/revisions"}],"predecessor-version":[{"id":673,"href":"https:\/\/motulserteller.com.tr\/index.php\/wp-json\/wp\/v2\/pages\/12\/revisions\/673"}],"wp:featuredmedia":[{"embeddable":true,"href":"https:\/\/motulserteller.com.tr\/index.php\/wp-json\/wp\/v2\/media\/647"}],"wp:attachment":[{"href":"https:\/\/motulserteller.com.tr\/index.php\/wp-json\/wp\/v2\/media?parent=12"}],"curies":[{"name":"wp","href":"https:\/\/api.w.org\/{rel}","templated":true}]}}